{"id":697,"date":"2025-01-08T12:31:16","date_gmt":"2025-01-08T15:31:16","guid":{"rendered":"https:\/\/amadizadvogados.com.br\/?page_id=697"},"modified":"2025-11-18T17:16:36","modified_gmt":"2025-11-18T20:16:36","slug":"sobre-nos","status":"publish","type":"page","link":"https:\/\/amadizadvogados.com.br\/?page_id=697","title":{"rendered":"Sobre N\u00f3s"},"content":{"rendered":"\t\t<div data-elementor-type=\"wp-page\" data-elementor-id=\"697\" class=\"elementor elementor-697\" data-elementor-post-type=\"page\">\n\t\t\t\t<div class=\"elementor-element elementor-element-bac70e8 animated-slow e-flex e-con-boxed wpr-particle-no wpr-jarallax-no wpr-parallax-no wpr-sticky-section-no wpr-equal-height-no elementor-invisible e-con e-parent\" data-id=\"bac70e8\" data-element_type=\"container\" data-e-type=\"container\" data-settings=\"{&quot;background_background&quot;:&quot;classic&quot;,&quot;animation&quot;:&quot;fadeIn&quot;}\">\n\t\t\t\t\t<div class=\"e-con-inner\">\n\t\t<div class=\"elementor-element elementor-element-a34804c e-con-full e-flex wpr-particle-no wpr-jarallax-no wpr-parallax-no wpr-sticky-section-no wpr-equal-height-no e-con e-child\" data-id=\"a34804c\" data-element_type=\"container\" data-e-type=\"container\">\n\t\t\t\t<div class=\"elementor-element elementor-element-0a324e2 elementor-widget elementor-widget-heading\" data-id=\"0a324e2\" data-element_type=\"widget\" data-e-type=\"widget\" data-widget_type=\"heading.default\">\n\t\t\t\t<div class=\"elementor-widget-container\">\n\t\t\t\t\t<h2 class=\"elementor-heading-title elementor-size-default\">Sobre N\u00f3s<\/h2>\t\t\t\t<\/div>\n\t\t\t\t<\/div>\n\t\t\t\t<\/div>\n\t\t\t\t\t<\/div>\n\t\t\t\t<\/div>\n\t\t<div class=\"elementor-element elementor-element-4c5b845 animated-slow e-flex e-con-boxed wpr-particle-no wpr-jarallax-no wpr-parallax-no wpr-sticky-section-no wpr-equal-height-no elementor-invisible e-con e-parent\" data-id=\"4c5b845\" data-element_type=\"container\" data-e-type=\"container\" data-settings=\"{&quot;background_background&quot;:&quot;classic&quot;,&quot;animation&quot;:&quot;fadeIn&quot;}\">\n\t\t\t\t\t<div class=\"e-con-inner\">\n\t\t<div class=\"elementor-element elementor-element-ee1a3a5 e-con-full e-flex wpr-particle-no wpr-jarallax-no wpr-parallax-no wpr-sticky-section-no wpr-equal-height-no e-con e-child\" data-id=\"ee1a3a5\" data-element_type=\"container\" data-e-type=\"container\">\n\t\t\t\t<div class=\"elementor-element elementor-element-b3f0c35 elementor-hidden-mobile elementor-widget elementor-widget-image\" data-id=\"b3f0c35\" data-element_type=\"widget\" data-e-type=\"widget\" data-widget_type=\"image.default\">\n\t\t\t\t<div class=\"elementor-widget-container\">\n\t\t\t\t\t\t\t\t\t\t\t\t\t\t\t<img fetchpriority=\"high\" decoding=\"async\" width=\"900\" height=\"611\" src=\"https:\/\/amadizadvogados.com.br\/wp-content\/uploads\/2025\/04\/amadiz_sobre_advodados_advocacia_direito_civil_empresarial_trabalhista_tributario_societario_penal_juridico_oab_familias.jpg\" class=\"attachment-1536x1536 size-1536x1536 wp-image-1663\" alt=\"\" srcset=\"https:\/\/amadizadvogados.com.br\/wp-content\/uploads\/2025\/04\/amadiz_sobre_advodados_advocacia_direito_civil_empresarial_trabalhista_tributario_societario_penal_juridico_oab_familias.jpg 900w, https:\/\/amadizadvogados.com.br\/wp-content\/uploads\/2025\/04\/amadiz_sobre_advodados_advocacia_direito_civil_empresarial_trabalhista_tributario_societario_penal_juridico_oab_familias-300x204.jpg 300w, https:\/\/amadizadvogados.com.br\/wp-content\/uploads\/2025\/04\/amadiz_sobre_advodados_advocacia_direito_civil_empresarial_trabalhista_tributario_societario_penal_juridico_oab_familias-768x521.jpg 768w\" sizes=\"(max-width: 900px) 100vw, 900px\" \/>\t\t\t\t\t\t\t\t\t\t\t\t\t\t\t<\/div>\n\t\t\t\t<\/div>\n\t\t\t\t<\/div>\n\t\t<div class=\"elementor-element elementor-element-b32a779 e-con-full e-flex wpr-particle-no wpr-jarallax-no wpr-parallax-no wpr-sticky-section-no wpr-equal-height-no e-con e-child\" data-id=\"b32a779\" data-element_type=\"container\" data-e-type=\"container\">\n\t\t\t\t<div class=\"elementor-element elementor-element-73f6f0e elementor-widget elementor-widget-text-editor\" data-id=\"73f6f0e\" data-element_type=\"widget\" data-e-type=\"widget\" data-widget_type=\"text-editor.default\">\n\t\t\t\t<div class=\"elementor-widget-container\">\n\t\t\t\t\t\t\t\t\t<p><span style=\"text-align: var(--text-align);\">Ao longo de 15 anos de trajet\u00f3ria e expans\u00e3o, seguimos em constante evolu\u00e7\u00e3o, renovando nosso compromisso com a excel\u00eancia e a modernidade, a fim de oferecer solu\u00e7\u00f5es jur\u00eddicas sofisticadas para o ambiente empresarial.\u00a0<br \/><\/span><span style=\"text-align: var(--text-align);\"><br \/>Com forte atua\u00e7\u00e3o preventiva, entendemos o modelo de neg\u00f3cio de nossos clientes e adotamos uma abordagem personalizada, alinhando a seguran\u00e7a jur\u00eddica com a efici\u00eancia estrat\u00e9gica para alcan\u00e7ar resultados exponenciais.\u00a0<\/span><\/p><p><span style=\"text-align: var(--text-align);\">Al\u00e9m da ess\u00eancia jur\u00eddica, a cultura AMADIZ nos posiciona como um escrit\u00f3rio de neg\u00f3cios, que participa diretamente das decis\u00f5es estrat\u00e9gicas e opera\u00e7\u00f5es de cada cliente, fortalecendo rela\u00e7\u00f5es e escalando o desenvolvimento org\u00e2nico da empresa. <\/span>N\u00f3s entendemos que conduzir um neg\u00f3cio vai muito al\u00e9m de manter a opera\u00e7\u00e3o em funcionamento. Exige vis\u00e3o, coragem e decis\u00f5es assertivas em cen\u00e1rios cada vez mais complexos.\u00a0<\/p><p class=\"\" data-start=\"559\" data-end=\"836\">Nosso compromisso \u00e9 construir solu\u00e7\u00f5es que dialoguem com a realidade empresarial, apoiando desde a estrutura\u00e7\u00e3o de novos modelos de neg\u00f3cio at\u00e9 a tomada de decis\u00f5es em situa\u00e7\u00f5es de alta press\u00e3o. Somos o ponto de apoio jur\u00eddico para quem lidera, investe, negocia e transforma.<\/p><p class=\"\" data-start=\"1525\" data-end=\"1745\">Ser um Escrit\u00f3rio de Neg\u00f3cios \u00e9 mais do que uma forma de atua\u00e7\u00e3o. \u00c9 nossa identidade. \u00c9 ser parceiro de quem constr\u00f3i, assume riscos e precisa de um time jur\u00eddico capaz de enxergar al\u00e9m do problema \u2014 e apontar o caminho.<\/p>\t\t\t\t\t\t\t\t<\/div>\n\t\t\t\t<\/div>\n\t\t\t\t<div class=\"elementor-element elementor-element-a6e7c4f elementor-hidden-desktop elementor-hidden-tablet elementor-hidden-laptop elementor-widget elementor-widget-image\" data-id=\"a6e7c4f\" data-element_type=\"widget\" data-e-type=\"widget\" data-widget_type=\"image.default\">\n\t\t\t\t<div class=\"elementor-widget-container\">\n\t\t\t\t\t\t\t\t\t\t\t\t\t\t\t<img decoding=\"async\" width=\"800\" height=\"543\" src=\"https:\/\/amadizadvogados.com.br\/wp-content\/uploads\/2025\/04\/amadiz_sobre_advodados_advocacia_direito_civil_empresarial_trabalhista_tributario_societario_penal_juridico_oab_familias.jpg\" class=\"attachment-large size-large wp-image-1663\" alt=\"\" srcset=\"https:\/\/amadizadvogados.com.br\/wp-content\/uploads\/2025\/04\/amadiz_sobre_advodados_advocacia_direito_civil_empresarial_trabalhista_tributario_societario_penal_juridico_oab_familias.jpg 900w, https:\/\/amadizadvogados.com.br\/wp-content\/uploads\/2025\/04\/amadiz_sobre_advodados_advocacia_direito_civil_empresarial_trabalhista_tributario_societario_penal_juridico_oab_familias-300x204.jpg 300w, https:\/\/amadizadvogados.com.br\/wp-content\/uploads\/2025\/04\/amadiz_sobre_advodados_advocacia_direito_civil_empresarial_trabalhista_tributario_societario_penal_juridico_oab_familias-768x521.jpg 768w\" sizes=\"(max-width: 800px) 100vw, 800px\" \/>\t\t\t\t\t\t\t\t\t\t\t\t\t\t\t<\/div>\n\t\t\t\t<\/div>\n\t\t\t\t<\/div>\n\t\t\t\t\t<\/div>\n\t\t\t\t<\/div>\n\t\t\t\t<\/div>\n\t\t","protected":false},"excerpt":{"rendered":"<p>Sobre N\u00f3s Ao longo de 15 anos de trajet\u00f3ria e expans\u00e3o, seguimos em constante evolu\u00e7\u00e3o, renovando nosso compromisso com a excel\u00eancia e a modernidade, a fim de oferecer solu\u00e7\u00f5es jur\u00eddicas sofisticadas para o ambiente empresarial.\u00a0 Com forte atua\u00e7\u00e3o preventiva, entendemos o modelo de neg\u00f3cio de nossos clientes e adotamos uma abordagem personalizada, alinhando a seguran\u00e7a jur\u00eddica com a efici\u00eancia estrat\u00e9gica para alcan\u00e7ar resultados exponenciais.\u00a0 Al\u00e9m da ess\u00eancia jur\u00eddica, a cultura AMADIZ nos posiciona como um escrit\u00f3rio de neg\u00f3cios, que participa diretamente das decis\u00f5es estrat\u00e9gicas e opera\u00e7\u00f5es de cada cliente, fortalecendo rela\u00e7\u00f5es e escalando o desenvolvimento org\u00e2nico da empresa. N\u00f3s entendemos que conduzir um neg\u00f3cio vai muito al\u00e9m de manter a opera\u00e7\u00e3o em funcionamento. Exige vis\u00e3o, coragem e decis\u00f5es assertivas em cen\u00e1rios cada vez mais complexos.\u00a0 Nosso compromisso \u00e9 construir solu\u00e7\u00f5es que dialoguem com a realidade empresarial, apoiando desde a estrutura\u00e7\u00e3o de novos modelos de neg\u00f3cio at\u00e9 a tomada de decis\u00f5es em situa\u00e7\u00f5es de alta press\u00e3o. Somos o ponto de apoio jur\u00eddico para quem lidera, investe, negocia e transforma. Ser um Escrit\u00f3rio de Neg\u00f3cios \u00e9 mais do que uma forma de atua\u00e7\u00e3o. \u00c9 nossa identidade. \u00c9 ser parceiro de quem constr\u00f3i, assume riscos e precisa de um time jur\u00eddico capaz de enxergar al\u00e9m do problema \u2014 e apontar o caminho.<\/p>\n","protected":false},"author":1,"featured_media":64,"parent":0,"menu_order":0,"comment_status":"closed","ping_status":"closed","template":"elementor_header_footer","meta":{"footnotes":""},"class_list":["post-697","page","type-page","status-publish","has-post-thumbnail","hentry"],"yoast_head":"<!-- This site is optimized with the Yoast SEO plugin v27.5 - https:\/\/yoast.com\/product\/yoast-seo-wordpress\/ -->\n<title>Sobre N\u00f3s - Amadiz Advogados<\/title>\n<meta name=\"description\" content=\"No AMADIZ Advogados, cada desafio empresarial \u00e9 uma oportunidade para construir o crescimento sustent\u00e1vel dos nossos clientes.\" \/>\n<meta name=\"robots\" content=\"index, follow, max-snippet:-1, max-image-preview:large, max-video-preview:-1\" \/>\n<link rel=\"canonical\" href=\"https:\/\/amadizadvogados.com.br\/?page_id=697\" \/>\n<meta property=\"og:locale\" content=\"pt_BR\" \/>\n<meta property=\"og:type\" content=\"article\" \/>\n<meta property=\"og:title\" content=\"Sobre N\u00f3s - Amadiz Advogados\" \/>\n<meta property=\"og:description\" content=\"No AMADIZ Advogados, cada desafio empresarial \u00e9 uma oportunidade para construir o crescimento sustent\u00e1vel dos nossos clientes.\" \/>\n<meta property=\"og:url\" content=\"https:\/\/amadizadvogados.com.br\/?page_id=697\" \/>\n<meta property=\"og:site_name\" content=\"Amadiz Advogados\" \/>\n<meta property=\"article:modified_time\" content=\"2025-11-18T20:16:36+00:00\" \/>\n<meta property=\"og:image\" content=\"http:\/\/amadizadvogados.com.br\/wp-content\/uploads\/2024\/12\/Site-Amadiz-1.jpg\" \/>\n\t<meta property=\"og:image:width\" content=\"1920\" \/>\n\t<meta property=\"og:image:height\" content=\"1080\" \/>\n\t<meta property=\"og:image:type\" content=\"image\/jpeg\" \/>\n<meta name=\"twitter:card\" content=\"summary_large_image\" \/>\n<meta name=\"twitter:label1\" content=\"Est. tempo de leitura\" \/>\n\t<meta name=\"twitter:data1\" content=\"2 minutos\" \/>\n<script type=\"application\/ld+json\" class=\"yoast-schema-graph\">{\"@context\":\"https:\\\/\\\/schema.org\",\"@graph\":[{\"@type\":\"WebPage\",\"@id\":\"https:\\\/\\\/amadizadvogados.com.br\\\/?page_id=697\",\"url\":\"https:\\\/\\\/amadizadvogados.com.br\\\/?page_id=697\",\"name\":\"Sobre N\u00f3s - Amadiz Advogados\",\"isPartOf\":{\"@id\":\"https:\\\/\\\/amadizadvogados.com.br\\\/#website\"},\"primaryImageOfPage\":{\"@id\":\"https:\\\/\\\/amadizadvogados.com.br\\\/?page_id=697#primaryimage\"},\"image\":{\"@id\":\"https:\\\/\\\/amadizadvogados.com.br\\\/?page_id=697#primaryimage\"},\"thumbnailUrl\":\"https:\\\/\\\/amadizadvogados.com.br\\\/wp-content\\\/uploads\\\/2024\\\/12\\\/Site-Amadiz-1.jpg\",\"datePublished\":\"2025-01-08T15:31:16+00:00\",\"dateModified\":\"2025-11-18T20:16:36+00:00\",\"description\":\"No AMADIZ Advogados, cada desafio empresarial \u00e9 uma oportunidade para construir o crescimento sustent\u00e1vel dos nossos clientes.\",\"breadcrumb\":{\"@id\":\"https:\\\/\\\/amadizadvogados.com.br\\\/?page_id=697#breadcrumb\"},\"inLanguage\":\"pt-BR\",\"potentialAction\":[{\"@type\":\"ReadAction\",\"target\":[\"https:\\\/\\\/amadizadvogados.com.br\\\/?page_id=697\"]}]},{\"@type\":\"ImageObject\",\"inLanguage\":\"pt-BR\",\"@id\":\"https:\\\/\\\/amadizadvogados.com.br\\\/?page_id=697#primaryimage\",\"url\":\"https:\\\/\\\/amadizadvogados.com.br\\\/wp-content\\\/uploads\\\/2024\\\/12\\\/Site-Amadiz-1.jpg\",\"contentUrl\":\"https:\\\/\\\/amadizadvogados.com.br\\\/wp-content\\\/uploads\\\/2024\\\/12\\\/Site-Amadiz-1.jpg\",\"width\":1920,\"height\":1080},{\"@type\":\"BreadcrumbList\",\"@id\":\"https:\\\/\\\/amadizadvogados.com.br\\\/?page_id=697#breadcrumb\",\"itemListElement\":[{\"@type\":\"ListItem\",\"position\":1,\"name\":\"Home\",\"item\":\"https:\\\/\\\/amadizadvogados.com.br\\\/\"},{\"@type\":\"ListItem\",\"position\":2,\"name\":\"Sobre N\u00f3s\"}]},{\"@type\":\"WebSite\",\"@id\":\"https:\\\/\\\/amadizadvogados.com.br\\\/#website\",\"url\":\"https:\\\/\\\/amadizadvogados.com.br\\\/\",\"name\":\"Amadiz Advogados\",\"description\":\"\",\"publisher\":{\"@id\":\"https:\\\/\\\/amadizadvogados.com.br\\\/#organization\"},\"potentialAction\":[{\"@type\":\"SearchAction\",\"target\":{\"@type\":\"EntryPoint\",\"urlTemplate\":\"https:\\\/\\\/amadizadvogados.com.br\\\/?s={search_term_string}\"},\"query-input\":{\"@type\":\"PropertyValueSpecification\",\"valueRequired\":true,\"valueName\":\"search_term_string\"}}],\"inLanguage\":\"pt-BR\"},{\"@type\":\"Organization\",\"@id\":\"https:\\\/\\\/amadizadvogados.com.br\\\/#organization\",\"name\":\"Amadiz Advogados\",\"url\":\"https:\\\/\\\/amadizadvogados.com.br\\\/\",\"logo\":{\"@type\":\"ImageObject\",\"inLanguage\":\"pt-BR\",\"@id\":\"https:\\\/\\\/amadizadvogados.com.br\\\/#\\\/schema\\\/logo\\\/image\\\/\",\"url\":\"http:\\\/\\\/amadizadvogados.com.br\\\/wp-content\\\/uploads\\\/2024\\\/12\\\/Site-Amadiz.jpg\",\"contentUrl\":\"http:\\\/\\\/amadizadvogados.com.br\\\/wp-content\\\/uploads\\\/2024\\\/12\\\/Site-Amadiz.jpg\",\"width\":1920,\"height\":1080,\"caption\":\"Amadiz Advogados\"},\"image\":{\"@id\":\"https:\\\/\\\/amadizadvogados.com.br\\\/#\\\/schema\\\/logo\\\/image\\\/\"}}]}<\/script>\n<!-- \/ Yoast SEO plugin. -->","yoast_head_json":{"title":"Sobre N\u00f3s - Amadiz Advogados","description":"No AMADIZ Advogados, cada desafio empresarial \u00e9 uma oportunidade para construir o crescimento sustent\u00e1vel dos nossos clientes.","robots":{"index":"index","follow":"follow","max-snippet":"max-snippet:-1","max-image-preview":"max-image-preview:large","max-video-preview":"max-video-preview:-1"},"canonical":"https:\/\/amadizadvogados.com.br\/?page_id=697","og_locale":"pt_BR","og_type":"article","og_title":"Sobre N\u00f3s - Amadiz Advogados","og_description":"No AMADIZ Advogados, cada desafio empresarial \u00e9 uma oportunidade para construir o crescimento sustent\u00e1vel dos nossos clientes.","og_url":"https:\/\/amadizadvogados.com.br\/?page_id=697","og_site_name":"Amadiz Advogados","article_modified_time":"2025-11-18T20:16:36+00:00","og_image":[{"width":1920,"height":1080,"url":"http:\/\/amadizadvogados.com.br\/wp-content\/uploads\/2024\/12\/Site-Amadiz-1.jpg","type":"image\/jpeg"}],"twitter_card":"summary_large_image","twitter_misc":{"Est. tempo de leitura":"2 minutos"},"schema":{"@context":"https:\/\/schema.org","@graph":[{"@type":"WebPage","@id":"https:\/\/amadizadvogados.com.br\/?page_id=697","url":"https:\/\/amadizadvogados.com.br\/?page_id=697","name":"Sobre N\u00f3s - Amadiz Advogados","isPartOf":{"@id":"https:\/\/amadizadvogados.com.br\/#website"},"primaryImageOfPage":{"@id":"https:\/\/amadizadvogados.com.br\/?page_id=697#primaryimage"},"image":{"@id":"https:\/\/amadizadvogados.com.br\/?page_id=697#primaryimage"},"thumbnailUrl":"https:\/\/amadizadvogados.com.br\/wp-content\/uploads\/2024\/12\/Site-Amadiz-1.jpg","datePublished":"2025-01-08T15:31:16+00:00","dateModified":"2025-11-18T20:16:36+00:00","description":"No AMADIZ Advogados, cada desafio empresarial \u00e9 uma oportunidade para construir o crescimento sustent\u00e1vel dos nossos clientes.","breadcrumb":{"@id":"https:\/\/amadizadvogados.com.br\/?page_id=697#breadcrumb"},"inLanguage":"pt-BR","potentialAction":[{"@type":"ReadAction","target":["https:\/\/amadizadvogados.com.br\/?page_id=697"]}]},{"@type":"ImageObject","inLanguage":"pt-BR","@id":"https:\/\/amadizadvogados.com.br\/?page_id=697#primaryimage","url":"https:\/\/amadizadvogados.com.br\/wp-content\/uploads\/2024\/12\/Site-Amadiz-1.jpg","contentUrl":"https:\/\/amadizadvogados.com.br\/wp-content\/uploads\/2024\/12\/Site-Amadiz-1.jpg","width":1920,"height":1080},{"@type":"BreadcrumbList","@id":"https:\/\/amadizadvogados.com.br\/?page_id=697#breadcrumb","itemListElement":[{"@type":"ListItem","position":1,"name":"Home","item":"https:\/\/amadizadvogados.com.br\/"},{"@type":"ListItem","position":2,"name":"Sobre N\u00f3s"}]},{"@type":"WebSite","@id":"https:\/\/amadizadvogados.com.br\/#website","url":"https:\/\/amadizadvogados.com.br\/","name":"Amadiz Advogados","description":"","publisher":{"@id":"https:\/\/amadizadvogados.com.br\/#organization"},"potentialAction":[{"@type":"SearchAction","target":{"@type":"EntryPoint","urlTemplate":"https:\/\/amadizadvogados.com.br\/?s={search_term_string}"},"query-input":{"@type":"PropertyValueSpecification","valueRequired":true,"valueName":"search_term_string"}}],"inLanguage":"pt-BR"},{"@type":"Organization","@id":"https:\/\/amadizadvogados.com.br\/#organization","name":"Amadiz Advogados","url":"https:\/\/amadizadvogados.com.br\/","logo":{"@type":"ImageObject","inLanguage":"pt-BR","@id":"https:\/\/amadizadvogados.com.br\/#\/schema\/logo\/image\/","url":"http:\/\/amadizadvogados.com.br\/wp-content\/uploads\/2024\/12\/Site-Amadiz.jpg","contentUrl":"http:\/\/amadizadvogados.com.br\/wp-content\/uploads\/2024\/12\/Site-Amadiz.jpg","width":1920,"height":1080,"caption":"Amadiz Advogados"},"image":{"@id":"https:\/\/amadizadvogados.com.br\/#\/schema\/logo\/image\/"}}]}},"_links":{"self":[{"href":"https:\/\/amadizadvogados.com.br\/index.php?rest_route=\/wp\/v2\/pages\/697","targetHints":{"allow":["GET"]}}],"collection":[{"href":"https:\/\/amadizadvogados.com.br\/index.php?rest_route=\/wp\/v2\/pages"}],"about":[{"href":"https:\/\/amadizadvogados.com.br\/index.php?rest_route=\/wp\/v2\/types\/page"}],"author":[{"embeddable":true,"href":"https:\/\/amadizadvogados.com.br\/index.php?rest_route=\/wp\/v2\/users\/1"}],"replies":[{"embeddable":true,"href":"https:\/\/amadizadvogados.com.br\/index.php?rest_route=%2Fwp%2Fv2%2Fcomments&post=697"}],"version-history":[{"count":115,"href":"https:\/\/amadizadvogados.com.br\/index.php?rest_route=\/wp\/v2\/pages\/697\/revisions"}],"predecessor-version":[{"id":2566,"href":"https:\/\/amadizadvogados.com.br\/index.php?rest_route=\/wp\/v2\/pages\/697\/revisions\/2566"}],"wp:featuredmedia":[{"embeddable":true,"href":"https:\/\/amadizadvogados.com.br\/index.php?rest_route=\/wp\/v2\/media\/64"}],"wp:attachment":[{"href":"https:\/\/amadizadvogados.com.br\/index.php?rest_route=%2Fwp%2Fv2%2Fmedia&parent=697"}],"curies":[{"name":"wp","href":"https:\/\/api.w.org\/{rel}","templated":true}]}}